{"id":335,"date":"2023-09-17T22:53:40","date_gmt":"2023-09-17T20:53:40","guid":{"rendered":"https:\/\/ol\u00ffmpia.com\/?page_id=335"},"modified":"2024-05-16T21:15:42","modified_gmt":"2024-05-16T19:15:42","slug":"contact","status":"publish","type":"page","link":"https:\/\/www.olympiabyo.com\/accueil\/contact\/","title":{"rendered":"Contact"},"content":{"rendered":"<style>.kb-row-layout-id335_5aeef2-22 > .kt-row-column-wrap{align-content:start;}:where(.kb-row-layout-id335_5aeef2-22 > .kt-row-column-wrap) > .wp-block-kadence-column{justify-content:start;}.kb-row-layout-id335_5aeef2-22 > .kt-row-column-wrap{column-gap:var(--global-kb-gap-lg, 4rem);row-gap:var(--global-kb-gap-none, 0rem );max-width:760px;margin-left:auto;margin-right:auto;padding-top:var(--global-kb-spacing-xl, 4rem);padding-right:var(--global-kb-spacing-xxl, 5rem);padding-bottom:var(--global-kb-spacing-xl, 4rem);padding-left:var(--global-kb-spacing-xxl, 5rem);grid-template-columns:minmax(0, 1fr);}.kb-row-layout-id335_5aeef2-22 > .kt-row-layout-overlay{opacity:0.30;}@media all and (max-width: 1024px){.kb-row-layout-id335_5aeef2-22 > .kt-row-column-wrap{row-gap:var(--global-kb-gap-sm, 1rem);grid-template-columns:minmax(0, 1fr);}}@media all and (max-width: 767px){.kb-row-layout-id335_5aeef2-22 > .kt-row-column-wrap{row-gap:var(--global-kb-gap-sm, 1rem);padding-top:var(--global-kb-spacing-xs, 1rem);padding-right:var(--global-kb-spacing-xs, 1rem);padding-bottom:var(--global-kb-spacing-xs, 1rem);padding-left:var(--global-kb-spacing-xs, 1rem);grid-template-columns:minmax(0, 1fr);}}<\/style><div class=\"kb-row-layout-wrap kb-row-layout-id335_5aeef2-22 alignfull wp-block-kadence-rowlayout\"><div class=\"kt-row-column-wrap kt-has-1-columns kt-row-layout-equal kt-tab-layout-inherit kt-mobile-layout-row kt-row-valign-top\">\n<style>.kadence-column335_a7e1c1-3f > .kt-inside-inner-col{padding-top:var(--global-kb-spacing-lg, 3rem);padding-right:var(--global-kb-spacing-xl, 4rem);padding-bottom:var(--global-kb-spacing-lg, 3rem);padding-left:var(--global-kb-spacing-xl, 4rem);}.kadence-column335_a7e1c1-3f > .kt-inside-inner-col,.kadence-column335_a7e1c1-3f > .kt-inside-inner-col:before{border-top-left-radius:0px;border-top-right-radius:0px;border-bottom-right-radius:0px;border-bottom-left-radius:0px;}.kadence-column335_a7e1c1-3f > .kt-inside-inner-col{column-gap:var(--global-kb-gap-sm, 1rem);}.kadence-column335_a7e1c1-3f > .kt-inside-inner-col{flex-direction:column;}.kadence-column335_a7e1c1-3f > .kt-inside-inner-col > .aligncenter{width:100%;}.kadence-column335_a7e1c1-3f > .kt-inside-inner-col{background-color:var(--theme-palette-color-3, #47577d);}.kadence-column335_a7e1c1-3f > .kt-inside-inner-col:before{opacity:0.3;}.kadence-column335_a7e1c1-3f{position:relative;}@media all and (max-width: 1024px){.kadence-column335_a7e1c1-3f > .kt-inside-inner-col{flex-direction:column;justify-content:center;}}@media all and (max-width: 767px){.kadence-column335_a7e1c1-3f > .kt-inside-inner-col{padding-top:var(--global-kb-spacing-sm, 1.5rem);padding-right:var(--global-kb-spacing-sm, 1.5rem);padding-bottom:var(--global-kb-spacing-sm, 1.5rem);padding-left:var(--global-kb-spacing-sm, 1.5rem);flex-direction:column;justify-content:center;}}<\/style>\n<div class=\"wp-block-kadence-column kadence-column335_a7e1c1-3f inner-column-2\"><div class=\"kt-inside-inner-col\"><style>.wp-block-kadence-advancedheading.kt-adv-heading335_53b43d-33, .wp-block-kadence-advancedheading.kt-adv-heading335_53b43d-33[data-kb-block=\"kb-adv-heading335_53b43d-33\"]{max-width:1000px;padding-bottom:var(--global-kb-spacing-sm, 1.5rem);margin-bottom:0px;font-size:var(--global-kb-font-size-xl, 3rem);line-height:1.2;font-style:normal;}.wp-block-kadence-advancedheading.kt-adv-heading335_53b43d-33 mark.kt-highlight, .wp-block-kadence-advancedheading.kt-adv-heading335_53b43d-33[data-kb-block=\"kb-adv-heading335_53b43d-33\"] mark.kt-highlight{font-style:normal;color:#f76a0c;-webkit-box-decoration-break:clone;box-decoration-break:clone;padding-top:0px;padding-right:0px;padding-bottom:0px;padding-left:0px;}<\/style>\n<h2 class=\"kt-adv-heading335_53b43d-33 wp-block-kadence-advancedheading has-palette-color-8-color has-text-color\" data-kb-block=\"kb-adv-heading335_53b43d-33\">Tu as une question ? <\/h2>\n\n<p class=\"has-palette-color-8-color has-text-color\">Contacte-moi via ce formulaire<\/p>\n\n<style>.kadence-form-335_25fa23-2a .kb-form .kadence-blocks-form-field .kb-text-style-field, .kadence-form-335_25fa23-2a .kb-form .kadence-blocks-form-field .kb-select-style-field{background:var(--global-palette9, #ffffff);border-color:var(--global-palette6, #718096);}.kadence-form-335_25fa23-2a .kb-form .kadence-blocks-form-field > label{color:var(--theme-palette-color-8, #ffffff);}.kadence-form-335_25fa23-2a .kb-form .kadence-blocks-form-field .kb-forms-submit{background:linear-gradient(180deg, var(--theme-palette-color-2, #b88810) 0%, var(--theme-palette-color-2, #b88810) 100%);}.kb-form input.kadence-blocks-field.verify{opacity:0.0;position:absolute;top:0.0;left:0.0;width:0.0;height:0.0;z-index:-1;}<\/style>\n<div class=\"wp-block-kadence-form kadence-form-335_25fa23-2a kb-form-wrap\"><form class=\"kb-form\" action=\"\" method=\"post\"><div class=\"kadence-blocks-form-field kb-field-desk-width-100 kb-input-size-standard\"><label for=\"kb_field_335_25fa23-2a_0\">Nom<span class=\"required\">*<\/span><\/label><input name=\"kb_field_0\" id=\"kb_field_335_25fa23-2a_0\" data-label=\"Nom\" type=\"text\" placeholder=\"\" value=\"\" data-type=\"text\" class=\"kb-field kb-text-style-field kb-text-field kb-field-0\" data-required=\"yes\"\/><\/div><div class=\"kadence-blocks-form-field kb-form-field-1 kb-field-desk-width-100 kb-input-size-standard\"><label for=\"kb_field_335_25fa23-2a_1\">Email<span class=\"required\">*<\/span><\/label><input name=\"kb_field_1\" id=\"kb_field_335_25fa23-2a_1\" data-label=\"Email\" type=\"email\" placeholder=\"\" value=\"\" data-type=\"email\" class=\"kb-field kb-text-style-field kb-email-field kb-field-1\" data-required=\"yes\"\/><\/div><div class=\"kadence-blocks-form-field kb-form-field-2 kb-field-desk-width-100 kb-input-size-standard\"><label for=\"kb_field_335_25fa23-2a_2\">Message<span class=\"required\">*<\/span><\/label><textarea name=\"kb_field_2\" id=\"kb_field_335_25fa23-2a_2\" data-label=\"Message\" type=\"textarea\" placeholder=\"\" data-type=\"textarea\" class=\"kb-field kb-text-style-field kb-textarea-field kb-field-2\" rows=\"4\" data-required=\"yes\"><\/textarea><\/div><input type=\"hidden\" name=\"_kb_form_id\" value=\"335_25fa23-2a\"\/><input type=\"hidden\" name=\"_kb_form_post_id\" value=\"335\"\/><input type=\"hidden\" name=\"action\" value=\"kb_process_ajax_submit\"\/><label class=\"kadence-verify-label\">Email<input class=\"kadence-blocks-field verify\" type=\"text\" name=\"_kb_verify_email\" autocomplete=\"new-password\" aria-hidden=\"true\" placeholder=\"Email\" tabindex=\"-1\" data-1p-ignore=\"true\" data-lpignore=\"true\" \/><\/label><div class=\"kadence-blocks-form-field kb-submit-field kb-field-desk-width-100\"><button class=\"kb-forms-submit button kb-button-size-standard kb-button-width-auto\">Envoyer<\/button><\/div><\/form><\/div>\n<noscript><div class=\"kadence-blocks-form-message kadence-blocks-form-warning\">Veuillez activer JavaScript dans votre navigateur pour envoyer le formulaire.<\/div><style>.kadence-form-335_25fa23-2a .kadence-blocks-form-field.kb-submit-field { display: none; }<\/style><\/noscript><\/div><\/div>\n<\/div><\/div><style>.kb-row-layout-id335_f25b26-a8 > .kt-row-column-wrap{align-content:center;}:where(.kb-row-layout-id335_f25b26-a8 > .kt-row-column-wrap) > .wp-block-kadence-column{justify-content:center;}.kb-row-layout-id335_f25b26-a8 > .kt-row-column-wrap{column-gap:var(--global-kb-gap-lg, 4rem);row-gap:var(--global-kb-gap-md, 2rem);max-width:1393px;padding-right:0px;padding-left:0px;grid-template-columns:minmax(0, 1fr);}.kb-row-layout-id335_f25b26-a8{background-image:url('https:\/\/www.olympiabyo.com\/wp-content\/uploads\/2023\/09\/fac698a3-aae6-4a7c-9adc-78e16cabf610-e1693774340465.jpg');background-size:cover;background-position:41% 33%;background-attachment:scroll;background-repeat:no-repeat;}.kb-row-layout-id335_f25b26-a8 > .kt-row-layout-overlay{opacity:0.62;background-color:var(--theme-palette-color-5, #EBAC8A);mix-blend-mode:overlay;}@media all and (max-width: 1024px){.kb-row-layout-id335_f25b26-a8 > .kt-row-column-wrap{column-gap:var(--global-kb-gap-md, 2rem);grid-template-columns:minmax(0, 1fr);}}@media all and (max-width: 767px){.kb-row-layout-id335_f25b26-a8 > .kt-row-column-wrap{grid-template-columns:minmax(0, 1fr);}}<\/style><div class=\"kb-row-layout-wrap kb-row-layout-id335_f25b26-a8 alignfull kt-row-has-bg wp-block-kadence-rowlayout\"><div class=\"kt-row-layout-overlay kt-row-overlay-normal\"><\/div><div class=\"kt-row-column-wrap kt-has-1-columns kt-row-layout-equal kt-tab-layout-inherit kt-mobile-layout-row kt-row-valign-middle kb-theme-content-width\">\n<style>.kadence-column335_ca9510-f0 > .kt-inside-inner-col{display:flex;}.kadence-column335_ca9510-f0 > .kt-inside-inner-col{padding-top:0px;padding-bottom:0px;}.kadence-column335_ca9510-f0 > .kt-inside-inner-col,.kadence-column335_ca9510-f0 > .kt-inside-inner-col:before{border-top-left-radius:0px;border-top-right-radius:0px;border-bottom-right-radius:0px;border-bottom-left-radius:0px;}.kadence-column335_ca9510-f0 > .kt-inside-inner-col{column-gap:var(--global-kb-gap-sm, 1rem);}.kadence-column335_ca9510-f0 > .kt-inside-inner-col{flex-direction:column;justify-content:flex-start;}.kadence-column335_ca9510-f0 > .kt-inside-inner-col > .aligncenter{width:100%;}.kt-row-column-wrap > .kadence-column335_ca9510-f0{align-self:flex-start;}.kt-inner-column-height-full:not(.kt-has-1-columns) > .wp-block-kadence-column.kadence-column335_ca9510-f0{align-self:auto;}.kt-inner-column-height-full:not(.kt-has-1-columns) > .wp-block-kadence-column.kadence-column335_ca9510-f0 > .kt-inside-inner-col{flex-direction:column;justify-content:flex-start;}.kadence-column335_ca9510-f0 > .kt-inside-inner-col:before{opacity:0.54;background-color:var(--theme-palette-color-8, #ffffff);}.kadence-column335_ca9510-f0{text-align:left;}.kadence-column335_ca9510-f0{position:relative;}.kadence-column335_ca9510-f0, .kt-inside-inner-col > .kadence-column335_ca9510-f0:not(.specificity){margin-bottom:0px;}@media all and (max-width: 1024px){.kadence-column335_ca9510-f0 > .kt-inside-inner-col{padding-top:0px;padding-bottom:var(--global-kb-spacing-lg, 3rem);flex-direction:column;justify-content:flex-start;}}@media all and (max-width: 1024px){.kt-row-column-wrap > .kadence-column335_ca9510-f0{align-self:flex-start;}}@media all and (max-width: 1024px){.kt-inner-column-height-full:not(.kt-has-1-columns) > .wp-block-kadence-column.kadence-column335_ca9510-f0{align-self:auto;}}@media all and (max-width: 1024px){.kt-inner-column-height-full:not(.kt-has-1-columns) > .wp-block-kadence-column.kadence-column335_ca9510-f0 > .kt-inside-inner-col{flex-direction:column;justify-content:flex-start;}}@media all and (max-width: 767px){.kt-row-column-wrap > .kadence-column335_ca9510-f0{align-self:flex-start;}.kt-inner-column-height-full:not(.kt-has-1-columns) > .wp-block-kadence-column.kadence-column335_ca9510-f0{align-self:auto;}.kt-inner-column-height-full:not(.kt-has-1-columns) > .wp-block-kadence-column.kadence-column335_ca9510-f0 > .kt-inside-inner-col{flex-direction:column;justify-content:flex-start;}.kadence-column335_ca9510-f0 > .kt-inside-inner-col{flex-direction:column;justify-content:flex-start;}}<\/style>\n<div class=\"wp-block-kadence-column kadence-column335_ca9510-f0 kb-section-has-overlay kb-section-dir-vertical inner-column-1\"><div class=\"kt-inside-inner-col\"><style>.wp-block-kadence-spacer.kt-block-spacer-335_d9049f-27 .kt-block-spacer{height:20px;}.wp-block-kadence-spacer.kt-block-spacer-335_d9049f-27 .kt-divider{border-top-width:1px;height:1px;border-top-color:#eee;width:80%;border-top-style:solid;}<\/style>\n<div class=\"wp-block-kadence-spacer alignnone kt-block-spacer-335_d9049f-27\"><div class=\"kt-block-spacer kt-block-spacer-halign-center\"><\/div><\/div>\n\n<style>.wp-block-kadence-advancedheading.kt-adv-heading335_c4d0f7-7d, .wp-block-kadence-advancedheading.kt-adv-heading335_c4d0f7-7d[data-kb-block=\"kb-adv-heading335_c4d0f7-7d\"]{max-width:586px;font-size:var(--global-kb-font-size-xl, 3rem);line-height:1.2;font-style:normal;color:var(--global-palette3, #1A202C);}.wp-block-kadence-advancedheading.kt-adv-heading335_c4d0f7-7d mark.kt-highlight, .wp-block-kadence-advancedheading.kt-adv-heading335_c4d0f7-7d[data-kb-block=\"kb-adv-heading335_c4d0f7-7d\"] mark.kt-highlight{font-style:normal;color:#f76a0c;-webkit-box-decoration-break:clone;box-decoration-break:clone;padding-top:0px;padding-right:0px;padding-bottom:0px;padding-left:0px;}<\/style>\n<h2 class=\"kt-adv-heading335_c4d0f7-7d wp-block-kadence-advancedheading has-theme-palette-3-color has-text-color\" data-kb-block=\"kb-adv-heading335_c4d0f7-7d\">Du nouveau ici !!<\/h2>\n\n<style>.wp-block-kadence-advancedheading.kt-adv-heading335_40a244-09, .wp-block-kadence-advancedheading.kt-adv-heading335_40a244-09[data-kb-block=\"kb-adv-heading335_40a244-09\"]{max-width:586px;margin-bottom:var(--global-kb-spacing-sm, 1.5rem);font-size:var(--global-kb-font-size-md, 1.25rem);font-style:normal;}.wp-block-kadence-advancedheading.kt-adv-heading335_40a244-09 mark.kt-highlight, .wp-block-kadence-advancedheading.kt-adv-heading335_40a244-09[data-kb-block=\"kb-adv-heading335_40a244-09\"] mark.kt-highlight{font-style:normal;color:#f76a0c;-webkit-box-decoration-break:clone;box-decoration-break:clone;padding-top:0px;padding-right:0px;padding-bottom:0px;padding-left:0px;}<\/style>\n<p class=\"kt-adv-heading335_40a244-09 wp-block-kadence-advancedheading has-palette-color-4-color has-text-color\" data-kb-block=\"kb-adv-heading335_40a244-09\">Reste inform\u00e9(e) des derni\u00e8res actualit\u00e9s du site en t&rsquo;inscrivant \u00e0 la newsletter<\/p>\n\n<style>.wp-block-kadence-advancedbtn.kt-btns335_787764-23, .site .entry-content .wp-block-kadence-advancedbtn.kt-btns335_787764-23, .wp-block-kadence-advancedbtn.kb-btns335_787764-23, .site .entry-content .wp-block-kadence-advancedbtn.kb-btns335_787764-23{margin-right:0px;margin-bottom:var(--global-kb-spacing-4xl, 8rem);}.wp-block-kadence-advancedbtn.kb-btns335_787764-23{gap:var(--global-kb-gap-xs, 0.5rem );justify-content:flex-start;align-items:center;}.kt-btns335_787764-23 .kt-button{font-weight:normal;font-style:normal;}.kt-btns335_787764-23 .kt-btn-wrap-0{margin-right:5px;}.wp-block-kadence-advancedbtn.kt-btns335_787764-23 .kt-btn-wrap-0 .kt-button{color:#555555;border-color:#555555;}.wp-block-kadence-advancedbtn.kt-btns335_787764-23 .kt-btn-wrap-0 .kt-button:hover, .wp-block-kadence-advancedbtn.kt-btns335_787764-23 .kt-btn-wrap-0 .kt-button:focus{color:#ffffff;border-color:#444444;}.wp-block-kadence-advancedbtn.kt-btns335_787764-23 .kt-btn-wrap-0 .kt-button::before{display:none;}.wp-block-kadence-advancedbtn.kt-btns335_787764-23 .kt-btn-wrap-0 .kt-button:hover, .wp-block-kadence-advancedbtn.kt-btns335_787764-23 .kt-btn-wrap-0 .kt-button:focus{background:#444444;}<\/style>\n<div class=\"wp-block-kadence-advancedbtn kb-buttons-wrap kb-btns335_787764-23\"><style>ul.menu .wp-block-kadence-advancedbtn .kb-btn335_90ff56-bb.kb-button{width:initial;}.wp-block-kadence-advancedbtn .kb-btn335_90ff56-bb.kb-button{border-top-left-radius:0px;border-top-right-radius:0px;border-bottom-right-radius:0px;border-bottom-left-radius:0px;border-top:0px solid var(--theme-palette-color-2, #b88810);border-right:0px solid var(--theme-palette-color-2, #b88810);border-bottom:0px solid var(--theme-palette-color-2, #b88810);border-left:0px solid var(--theme-palette-color-2, #b88810);}.wp-block-kadence-advancedbtn .kb-btn335_90ff56-bb.kb-button:hover, .wp-block-kadence-advancedbtn .kb-btn335_90ff56-bb.kb-button:focus{color:var(--global-palette9, #ffffff);background:var(--theme-palette-color-5, #EBAC8A);border-top-color:#444444;border-top-style:solid;border-right-color:#444444;border-right-style:solid;border-bottom-color:#444444;border-bottom-style:solid;border-left-color:#444444;border-left-style:solid;}@media all and (max-width: 1024px){.wp-block-kadence-advancedbtn .kb-btn335_90ff56-bb.kb-button{border-top:0px solid var(--theme-palette-color-2, #b88810);border-right:0px solid var(--theme-palette-color-2, #b88810);border-bottom:0px solid var(--theme-palette-color-2, #b88810);border-left:0px solid var(--theme-palette-color-2, #b88810);}}@media all and (max-width: 1024px){.wp-block-kadence-advancedbtn .kb-btn335_90ff56-bb.kb-button:hover, .wp-block-kadence-advancedbtn .kb-btn335_90ff56-bb.kb-button:focus{border-top-color:#444444;border-top-style:solid;border-right-color:#444444;border-right-style:solid;border-bottom-color:#444444;border-bottom-style:solid;border-left-color:#444444;border-left-style:solid;}}@media all and (max-width: 767px){.wp-block-kadence-advancedbtn .kb-btn335_90ff56-bb.kb-button{border-top:0px solid var(--theme-palette-color-2, #b88810);border-right:0px solid var(--theme-palette-color-2, #b88810);border-bottom:0px solid var(--theme-palette-color-2, #b88810);border-left:0px solid var(--theme-palette-color-2, #b88810);}.wp-block-kadence-advancedbtn .kb-btn335_90ff56-bb.kb-button:hover, .wp-block-kadence-advancedbtn .kb-btn335_90ff56-bb.kb-button:focus{border-top-color:#444444;border-top-style:solid;border-right-color:#444444;border-right-style:solid;border-bottom-color:#444444;border-bottom-style:solid;border-left-color:#444444;border-left-style:solid;}}<\/style><a class=\"kb-button kt-button button kb-btn335_90ff56-bb kt-btn-size-standard kt-btn-width-type-auto kb-btn-global-inherit kt-btn-has-text-true kt-btn-has-svg-false wp-block-button__link wp-block-kadence-singlebtn\" href=\"https:\/\/dashboard.mailerlite.com\/forms\/603195\/99600069413570466\/share\"><span class=\"kt-btn-inner-text\">Je m&rsquo;inscris<\/span><\/a><\/div><\/div><\/div>\n<\/div><\/div>","protected":false},"excerpt":{"rendered":"<p>Tu as une question ? Contacte-moi via ce formulaire Du nouveau ici !! Reste inform\u00e9(e) des derni\u00e8res actualit\u00e9s du site en t&rsquo;inscrivant \u00e0 la newsletter<\/p>\n","protected":false},"author":1,"featured_media":0,"parent":0,"menu_order":0,"comment_status":"closed","ping_status":"closed","template":"","meta":{"_monsterinsights_skip_tracking":false,"_monsterinsights_sitenote_active":false,"_monsterinsights_sitenote_note":"","_monsterinsights_sitenote_category":0,"_vp_format_video_url":"","_vp_image_focal_point":[],"footnotes":""},"class_list":["post-335","page","type-page","status-publish","hentry"],"blocksy_meta":[],"aioseo_notices":[],"_links":{"self":[{"href":"https:\/\/www.olympiabyo.com\/accueil\/wp-json\/wp\/v2\/pages\/335","targetHints":{"allow":["GET"]}}],"collection":[{"href":"https:\/\/www.olympiabyo.com\/accueil\/wp-json\/wp\/v2\/pages"}],"about":[{"href":"https:\/\/www.olympiabyo.com\/accueil\/wp-json\/wp\/v2\/types\/page"}],"author":[{"embeddable":true,"href":"https:\/\/www.olympiabyo.com\/accueil\/wp-json\/wp\/v2\/users\/1"}],"replies":[{"embeddable":true,"href":"https:\/\/www.olympiabyo.com\/accueil\/wp-json\/wp\/v2\/comments?post=335"}],"version-history":[{"count":16,"href":"https:\/\/www.olympiabyo.com\/accueil\/wp-json\/wp\/v2\/pages\/335\/revisions"}],"predecessor-version":[{"id":727,"href":"https:\/\/www.olympiabyo.com\/accueil\/wp-json\/wp\/v2\/pages\/335\/revisions\/727"}],"wp:attachment":[{"href":"https:\/\/www.olympiabyo.com\/accueil\/wp-json\/wp\/v2\/media?parent=335"}],"curies":[{"name":"wp","href":"https:\/\/api.w.org\/{rel}","templated":true}]}}